{"id":7074,"date":"2020-11-11T13:36:44","date_gmt":"2020-11-11T13:36:44","guid":{"rendered":"https:\/\/www.arianegrayhubert.com\/shop\/non%20class\u00e9\/40e-pour-adulte\/"},"modified":"2021-03-22T17:54:12","modified_gmt":"2021-03-22T17:54:12","slug":"40e-pour-adulte","status":"publish","type":"product","link":"https:\/\/www.arianegrayhubert.com\/fr\/boutique\/adhesion\/40e-pour-adulte\/","title":{"rendered":"40\u20ac POUR ADULTE"},"content":{"rendered":"","protected":false},"excerpt":{"rendered":"<p><strong>Rejoignez nous et engagez-vous. \u00a0\u00a0<\/strong><\/p>\n<p>Si vous souhaitez vous impliquer et soutenir l&rsquo;Association \u00ab\u00a0Art Generates Harmony\u00a0\u00bb, nous vous invitons \u00e0 sponsoriser l&rsquo;un de nos \u00e9v\u00e9nements. Nous nommerons l&rsquo;\u00e9v\u00e9nement sponsoris\u00e9 avec votre nom et vous deviendrez un partenaire &#8211; membre &#8211; ambassadeur de l&rsquo;Association.<\/p>\n<p>&nbsp;<\/p>\n<p><strong>En nous unissant, nous d\u00e9veloppons ensemble un partenariat exclusif, profitant mutuellement \u00e0 votre structure, la n\u00f4tre ainsi qu&rsquo;aupr\u00e8s de l&rsquo;ensemble des publics et des communaut\u00e9s dans le monde.<\/strong><\/p>\n","protected":false},"featured_media":6671,"template":"","meta":[],"product_brand":[],"product_cat":[93],"product_tag":[],"class_list":{"0":"post-7074","1":"product","2":"type-product","3":"status-publish","4":"has-post-thumbnail","6":"product_cat-adhesion","8":"first","9":"instock","10":"virtual","11":"purchasable","12":"product-type-simple"},"yoast_head":"<!-- This site is optimized with the Yoast SEO plugin v27.3 - https:\/\/yoast.com\/product\/yoast-seo-wordpress\/ -->\n<title>40\u20ac POUR ADULTE - ARIANE GRAY HUBERT<\/title>\n<meta name=\"robots\" content=\"index, follow, max-snippet:-1, max-image-preview:large, max-video-preview:-1\" \/>\n<link rel=\"canonical\" href=\"https:\/\/www.arianegrayhubert.com\/fr\/boutique\/adhesion\/40e-pour-adulte\/\" \/>\n<meta property=\"og:locale\" content=\"fr_FR\" \/>\n<meta property=\"og:type\" content=\"article\" \/>\n<meta property=\"og:title\" content=\"40\u20ac POUR ADULTE - ARIANE GRAY HUBERT\" \/>\n<meta property=\"og:description\" content=\"Rejoignez nous et engagez-vous. \u00a0\u00a0  Si vous souhaitez vous impliquer et soutenir l&#039;Association &quot;Art Generates Harmony&quot;, nous vous invitons \u00e0 sponsoriser l&#039;un de nos \u00e9v\u00e9nements. Nous nommerons l&#039;\u00e9v\u00e9nement sponsoris\u00e9 avec votre nom et vous deviendrez un partenaire - membre - ambassadeur de l&#039;Association.  &nbsp;  En nous unissant, nous d\u00e9veloppons ensemble un partenariat exclusif, profitant mutuellement \u00e0 votre structure, la n\u00f4tre ainsi qu&#039;aupr\u00e8s de l&#039;ensemble des publics et des communaut\u00e9s dans le monde.\" \/>\n<meta property=\"og:url\" content=\"https:\/\/www.arianegrayhubert.com\/fr\/boutique\/adhesion\/40e-pour-adulte\/\" \/>\n<meta property=\"og:site_name\" content=\"ARIANE GRAY HUBERT\" \/>\n<meta property=\"article:publisher\" content=\"https:\/\/www.facebook.com\/ariane.grayhubert.7\/?viewas=100000686899395\" \/>\n<meta property=\"article:modified_time\" content=\"2021-03-22T17:54:12+00:00\" \/>\n<meta property=\"og:image\" content=\"https:\/\/www.arianegrayhubert.com\/wp-content\/uploads\/2020\/11\/membre.jpg\" \/>\n\t<meta property=\"og:image:width\" content=\"584\" \/>\n\t<meta property=\"og:image:height\" content=\"578\" \/>\n\t<meta property=\"og:image:type\" content=\"image\/jpeg\" \/>\n<meta name=\"twitter:card\" content=\"summary_large_image\" \/>\n<meta name=\"twitter:site\" content=\"@ArianeArts\" \/>\n<script type=\"application\/ld+json\" class=\"yoast-schema-graph\">{\"@context\":\"https:\\\/\\\/schema.org\",\"@graph\":[{\"@type\":\"WebPage\",\"@id\":\"https:\\\/\\\/www.arianegrayhubert.com\\\/fr\\\/boutique\\\/adhesion\\\/40e-pour-adulte\\\/\",\"url\":\"https:\\\/\\\/www.arianegrayhubert.com\\\/fr\\\/boutique\\\/adhesion\\\/40e-pour-adulte\\\/\",\"name\":\"40\u20ac POUR ADULTE - ARIANE GRAY HUBERT\",\"isPartOf\":{\"@id\":\"https:\\\/\\\/www.arianegrayhubert.com\\\/fr\\\/#website\"},\"primaryImageOfPage\":{\"@id\":\"https:\\\/\\\/www.arianegrayhubert.com\\\/fr\\\/boutique\\\/adhesion\\\/40e-pour-adulte\\\/#primaryimage\"},\"image\":{\"@id\":\"https:\\\/\\\/www.arianegrayhubert.com\\\/fr\\\/boutique\\\/adhesion\\\/40e-pour-adulte\\\/#primaryimage\"},\"thumbnailUrl\":\"https:\\\/\\\/www.arianegrayhubert.com\\\/wp-content\\\/uploads\\\/2020\\\/11\\\/membre.jpg\",\"datePublished\":\"2020-11-11T13:36:44+00:00\",\"dateModified\":\"2021-03-22T17:54:12+00:00\",\"breadcrumb\":{\"@id\":\"https:\\\/\\\/www.arianegrayhubert.com\\\/fr\\\/boutique\\\/adhesion\\\/40e-pour-adulte\\\/#breadcrumb\"},\"inLanguage\":\"fr-FR\",\"potentialAction\":[{\"@type\":\"ReadAction\",\"target\":[\"https:\\\/\\\/www.arianegrayhubert.com\\\/fr\\\/boutique\\\/adhesion\\\/40e-pour-adulte\\\/\"]}]},{\"@type\":\"ImageObject\",\"inLanguage\":\"fr-FR\",\"@id\":\"https:\\\/\\\/www.arianegrayhubert.com\\\/fr\\\/boutique\\\/adhesion\\\/40e-pour-adulte\\\/#primaryimage\",\"url\":\"https:\\\/\\\/www.arianegrayhubert.com\\\/wp-content\\\/uploads\\\/2020\\\/11\\\/membre.jpg\",\"contentUrl\":\"https:\\\/\\\/www.arianegrayhubert.com\\\/wp-content\\\/uploads\\\/2020\\\/11\\\/membre.jpg\",\"width\":584,\"height\":578},{\"@type\":\"BreadcrumbList\",\"@id\":\"https:\\\/\\\/www.arianegrayhubert.com\\\/fr\\\/boutique\\\/adhesion\\\/40e-pour-adulte\\\/#breadcrumb\",\"itemListElement\":[{\"@type\":\"ListItem\",\"position\":1,\"name\":\"Accueil\",\"item\":\"https:\\\/\\\/www.arianegrayhubert.com\\\/fr\\\/\"},{\"@type\":\"ListItem\",\"position\":2,\"name\":\"Return-shop-categories\",\"item\":\"https:\\\/\\\/www.arianegrayhubert.com\\\/return-shop-categories\\\/\"},{\"@type\":\"ListItem\",\"position\":3,\"name\":\"40\u20ac POUR ADULTE\"}]},{\"@type\":\"WebSite\",\"@id\":\"https:\\\/\\\/www.arianegrayhubert.com\\\/fr\\\/#website\",\"url\":\"https:\\\/\\\/www.arianegrayhubert.com\\\/fr\\\/\",\"name\":\"ARIANE GRAY HUBERT\",\"description\":\"Chanteuse\",\"publisher\":{\"@id\":\"https:\\\/\\\/www.arianegrayhubert.com\\\/fr\\\/#organization\"},\"potentialAction\":[{\"@type\":\"SearchAction\",\"target\":{\"@type\":\"EntryPoint\",\"urlTemplate\":\"https:\\\/\\\/www.arianegrayhubert.com\\\/fr\\\/?s={search_term_string}\"},\"query-input\":{\"@type\":\"PropertyValueSpecification\",\"valueRequired\":true,\"valueName\":\"search_term_string\"}}],\"inLanguage\":\"fr-FR\"},{\"@type\":\"Organization\",\"@id\":\"https:\\\/\\\/www.arianegrayhubert.com\\\/fr\\\/#organization\",\"name\":\"Ariane Gray Hubert\",\"url\":\"https:\\\/\\\/www.arianegrayhubert.com\\\/fr\\\/\",\"logo\":{\"@type\":\"ImageObject\",\"inLanguage\":\"fr-FR\",\"@id\":\"https:\\\/\\\/www.arianegrayhubert.com\\\/fr\\\/#\\\/schema\\\/logo\\\/image\\\/\",\"url\":\"https:\\\/\\\/www.arianegrayhubert.com\\\/wp-content\\\/uploads\\\/2020\\\/06\\\/logotransparent-bleu.jpg\",\"contentUrl\":\"https:\\\/\\\/www.arianegrayhubert.com\\\/wp-content\\\/uploads\\\/2020\\\/06\\\/logotransparent-bleu.jpg\",\"width\":900,\"height\":201,\"caption\":\"Ariane Gray Hubert\"},\"image\":{\"@id\":\"https:\\\/\\\/www.arianegrayhubert.com\\\/fr\\\/#\\\/schema\\\/logo\\\/image\\\/\"},\"sameAs\":[\"https:\\\/\\\/www.facebook.com\\\/ariane.grayhubert.7\\\/?viewas=100000686899395\",\"https:\\\/\\\/x.com\\\/ArianeArts\"]}]}<\/script>\n<!-- \/ Yoast SEO plugin. -->","yoast_head_json":{"title":"40\u20ac POUR ADULTE - ARIANE GRAY HUBERT","robots":{"index":"index","follow":"follow","max-snippet":"max-snippet:-1","max-image-preview":"max-image-preview:large","max-video-preview":"max-video-preview:-1"},"canonical":"https:\/\/www.arianegrayhubert.com\/fr\/boutique\/adhesion\/40e-pour-adulte\/","og_locale":"fr_FR","og_type":"article","og_title":"40\u20ac POUR ADULTE - ARIANE GRAY HUBERT","og_description":"Rejoignez nous et engagez-vous. \u00a0\u00a0  Si vous souhaitez vous impliquer et soutenir l'Association \"Art Generates Harmony\", nous vous invitons \u00e0 sponsoriser l'un de nos \u00e9v\u00e9nements. Nous nommerons l'\u00e9v\u00e9nement sponsoris\u00e9 avec votre nom et vous deviendrez un partenaire - membre - ambassadeur de l'Association.  &nbsp;  En nous unissant, nous d\u00e9veloppons ensemble un partenariat exclusif, profitant mutuellement \u00e0 votre structure, la n\u00f4tre ainsi qu'aupr\u00e8s de l'ensemble des publics et des communaut\u00e9s dans le monde.","og_url":"https:\/\/www.arianegrayhubert.com\/fr\/boutique\/adhesion\/40e-pour-adulte\/","og_site_name":"ARIANE GRAY HUBERT","article_publisher":"https:\/\/www.facebook.com\/ariane.grayhubert.7\/?viewas=100000686899395","article_modified_time":"2021-03-22T17:54:12+00:00","og_image":[{"width":584,"height":578,"url":"https:\/\/www.arianegrayhubert.com\/wp-content\/uploads\/2020\/11\/membre.jpg","type":"image\/jpeg"}],"twitter_card":"summary_large_image","twitter_site":"@ArianeArts","schema":{"@context":"https:\/\/schema.org","@graph":[{"@type":"WebPage","@id":"https:\/\/www.arianegrayhubert.com\/fr\/boutique\/adhesion\/40e-pour-adulte\/","url":"https:\/\/www.arianegrayhubert.com\/fr\/boutique\/adhesion\/40e-pour-adulte\/","name":"40\u20ac POUR ADULTE - ARIANE GRAY HUBERT","isPartOf":{"@id":"https:\/\/www.arianegrayhubert.com\/fr\/#website"},"primaryImageOfPage":{"@id":"https:\/\/www.arianegrayhubert.com\/fr\/boutique\/adhesion\/40e-pour-adulte\/#primaryimage"},"image":{"@id":"https:\/\/www.arianegrayhubert.com\/fr\/boutique\/adhesion\/40e-pour-adulte\/#primaryimage"},"thumbnailUrl":"https:\/\/www.arianegrayhubert.com\/wp-content\/uploads\/2020\/11\/membre.jpg","datePublished":"2020-11-11T13:36:44+00:00","dateModified":"2021-03-22T17:54:12+00:00","breadcrumb":{"@id":"https:\/\/www.arianegrayhubert.com\/fr\/boutique\/adhesion\/40e-pour-adulte\/#breadcrumb"},"inLanguage":"fr-FR","potentialAction":[{"@type":"ReadAction","target":["https:\/\/www.arianegrayhubert.com\/fr\/boutique\/adhesion\/40e-pour-adulte\/"]}]},{"@type":"ImageObject","inLanguage":"fr-FR","@id":"https:\/\/www.arianegrayhubert.com\/fr\/boutique\/adhesion\/40e-pour-adulte\/#primaryimage","url":"https:\/\/www.arianegrayhubert.com\/wp-content\/uploads\/2020\/11\/membre.jpg","contentUrl":"https:\/\/www.arianegrayhubert.com\/wp-content\/uploads\/2020\/11\/membre.jpg","width":584,"height":578},{"@type":"BreadcrumbList","@id":"https:\/\/www.arianegrayhubert.com\/fr\/boutique\/adhesion\/40e-pour-adulte\/#breadcrumb","itemListElement":[{"@type":"ListItem","position":1,"name":"Accueil","item":"https:\/\/www.arianegrayhubert.com\/fr\/"},{"@type":"ListItem","position":2,"name":"Return-shop-categories","item":"https:\/\/www.arianegrayhubert.com\/return-shop-categories\/"},{"@type":"ListItem","position":3,"name":"40\u20ac POUR ADULTE"}]},{"@type":"WebSite","@id":"https:\/\/www.arianegrayhubert.com\/fr\/#website","url":"https:\/\/www.arianegrayhubert.com\/fr\/","name":"ARIANE GRAY HUBERT","description":"Chanteuse","publisher":{"@id":"https:\/\/www.arianegrayhubert.com\/fr\/#organization"},"potentialAction":[{"@type":"SearchAction","target":{"@type":"EntryPoint","urlTemplate":"https:\/\/www.arianegrayhubert.com\/fr\/?s={search_term_string}"},"query-input":{"@type":"PropertyValueSpecification","valueRequired":true,"valueName":"search_term_string"}}],"inLanguage":"fr-FR"},{"@type":"Organization","@id":"https:\/\/www.arianegrayhubert.com\/fr\/#organization","name":"Ariane Gray Hubert","url":"https:\/\/www.arianegrayhubert.com\/fr\/","logo":{"@type":"ImageObject","inLanguage":"fr-FR","@id":"https:\/\/www.arianegrayhubert.com\/fr\/#\/schema\/logo\/image\/","url":"https:\/\/www.arianegrayhubert.com\/wp-content\/uploads\/2020\/06\/logotransparent-bleu.jpg","contentUrl":"https:\/\/www.arianegrayhubert.com\/wp-content\/uploads\/2020\/06\/logotransparent-bleu.jpg","width":900,"height":201,"caption":"Ariane Gray Hubert"},"image":{"@id":"https:\/\/www.arianegrayhubert.com\/fr\/#\/schema\/logo\/image\/"},"sameAs":["https:\/\/www.facebook.com\/ariane.grayhubert.7\/?viewas=100000686899395","https:\/\/x.com\/ArianeArts"]}]}},"_links":{"self":[{"href":"https:\/\/www.arianegrayhubert.com\/fr\/wp-json\/wp\/v2\/product\/7074","targetHints":{"allow":["GET"]}}],"collection":[{"href":"https:\/\/www.arianegrayhubert.com\/fr\/wp-json\/wp\/v2\/product"}],"about":[{"href":"https:\/\/www.arianegrayhubert.com\/fr\/wp-json\/wp\/v2\/types\/product"}],"wp:featuredmedia":[{"embeddable":true,"href":"https:\/\/www.arianegrayhubert.com\/fr\/wp-json\/wp\/v2\/media\/6671"}],"wp:attachment":[{"href":"https:\/\/www.arianegrayhubert.com\/fr\/wp-json\/wp\/v2\/media?parent=7074"}],"wp:term":[{"taxonomy":"product_brand","embeddable":true,"href":"https:\/\/www.arianegrayhubert.com\/fr\/wp-json\/wp\/v2\/product_brand?post=7074"},{"taxonomy":"product_cat","embeddable":true,"href":"https:\/\/www.arianegrayhubert.com\/fr\/wp-json\/wp\/v2\/product_cat?post=7074"},{"taxonomy":"product_tag","embeddable":true,"href":"https:\/\/www.arianegrayhubert.com\/fr\/wp-json\/wp\/v2\/product_tag?post=7074"}],"curies":[{"name":"wp","href":"https:\/\/api.w.org\/{rel}","templated":true}]}}