{"id":7063,"date":"2020-11-24T14:32:52","date_gmt":"2020-11-24T14:32:52","guid":{"rendered":"https:\/\/www.arianegrayhubert.com\/shop\/non%20class\u00e9\/anima-par-ariane-gray-hubert\/"},"modified":"2021-03-02T18:35:15","modified_gmt":"2021-03-02T18:35:15","slug":"anima-par-ariane-gray-hubert","status":"publish","type":"product","link":"https:\/\/www.arianegrayhubert.com\/fr\/boutique\/art-collages-de-lartiste\/anima-par-ariane-gray-hubert\/","title":{"rendered":"ANIMA par Ariane Gray Hubert"},"content":{"rendered":"<p>La cr\u00e9ativit\u00e9 d\u2019Ariane Gray Hubert est \u00e9galement magnifi\u00e9e dans son\u00a0catalogue d\u2019Art &#8211; Collages, collages expos\u00e9s au cours d&rsquo;expositions\u00a0dans des galeries d\u2019art en Autriche, en France et en Inde. La collection\u00a0personnelle de l&rsquo;Artiste a aussi \u00e9t\u00e9 d\u00e9ploy\u00e9e dans des auditoriums et\u00a0salles de concert ainsi que dans les espaces\u00a0publics. Pour toute demande de renseignement afin\u00a0d&rsquo;organiser un \u00e9v\u00e8nement \u201c<span style=\"color: #231f20;\">Art Collage &amp; Concert\u201d<\/span>\u00a0taill\u00e9 sur mesure pour vous, merci de nous adresser\u00a0votre demande sur notre site.<\/p>\n","protected":false},"excerpt":{"rendered":"<p>AFFICHE EN \u00c9DITION LIMIT\u00c9E, AUTOGRAPHI\u00c9E PAR L&rsquo;ARTISTE<br \/>\n305 x 305 mn<br \/>\nPR\u00c9COMMANDEZ MAINTENANT: DISPONIBLE 2021.<\/p>\n<p>\u00a9 Ariane Gray Hubert<br \/>\nExp\u00e9di\u00e9 depuis la France (entre 6-20 jours ouvrables)<\/p>\n","protected":false},"featured_media":6770,"template":"","meta":[],"product_brand":[],"product_cat":[89],"product_tag":[],"class_list":{"0":"post-7063","1":"product","2":"type-product","3":"status-publish","4":"has-post-thumbnail","6":"product_cat-art-collages-de-lartiste","8":"first","9":"instock","10":"downloadable","11":"shipping-taxable","12":"purchasable","13":"product-type-simple"},"yoast_head":"<!-- This site is optimized with the Yoast SEO plugin v27.4 - https:\/\/yoast.com\/product\/yoast-seo-wordpress\/ -->\n<title>ANIMA par Ariane Gray Hubert - ARIANE GRAY HUBERT<\/title>\n<meta name=\"robots\" content=\"index, follow, max-snippet:-1, max-image-preview:large, max-video-preview:-1\" \/>\n<link rel=\"canonical\" href=\"https:\/\/www.arianegrayhubert.com\/fr\/boutique\/art-collages-de-lartiste\/anima-par-ariane-gray-hubert\/\" \/>\n<meta property=\"og:locale\" content=\"fr_FR\" \/>\n<meta property=\"og:type\" content=\"article\" \/>\n<meta property=\"og:title\" content=\"ANIMA par Ariane Gray Hubert - ARIANE GRAY HUBERT\" \/>\n<meta property=\"og:description\" content=\"AFFICHE EN \u00c9DITION LIMIT\u00c9E, AUTOGRAPHI\u00c9E PAR L&#039;ARTISTE 305 x 305 mn PR\u00c9COMMANDEZ MAINTENANT: DISPONIBLE 2021.  \u00a9 Ariane Gray Hubert Exp\u00e9di\u00e9 depuis la France (entre 6-20 jours ouvrables)\" \/>\n<meta property=\"og:url\" content=\"https:\/\/www.arianegrayhubert.com\/fr\/boutique\/art-collages-de-lartiste\/anima-par-ariane-gray-hubert\/\" \/>\n<meta property=\"og:site_name\" content=\"ARIANE GRAY HUBERT\" \/>\n<meta property=\"article:publisher\" content=\"https:\/\/www.facebook.com\/ariane.grayhubert.7\/?viewas=100000686899395\" \/>\n<meta property=\"article:modified_time\" content=\"2021-03-02T18:35:15+00:00\" \/>\n<meta property=\"og:image\" content=\"https:\/\/www.arianegrayhubert.com\/wp-content\/uploads\/2020\/11\/ART-COLLAGE-ANIMA-by-Ariane-Gray-Hubert2.jpg\" \/>\n\t<meta property=\"og:image:width\" content=\"800\" \/>\n\t<meta property=\"og:image:height\" content=\"816\" \/>\n\t<meta property=\"og:image:type\" content=\"image\/jpeg\" \/>\n<meta name=\"twitter:card\" content=\"summary_large_image\" \/>\n<meta name=\"twitter:site\" content=\"@ArianeArts\" \/>\n<meta name=\"twitter:label1\" content=\"Dur\u00e9e de lecture estim\u00e9e\" \/>\n\t<meta name=\"twitter:data1\" content=\"1 minute\" \/>\n<script type=\"application\/ld+json\" class=\"yoast-schema-graph\">{\"@context\":\"https:\\\/\\\/schema.org\",\"@graph\":[{\"@type\":\"WebPage\",\"@id\":\"https:\\\/\\\/www.arianegrayhubert.com\\\/fr\\\/boutique\\\/art-collages-de-lartiste\\\/anima-par-ariane-gray-hubert\\\/\",\"url\":\"https:\\\/\\\/www.arianegrayhubert.com\\\/fr\\\/boutique\\\/art-collages-de-lartiste\\\/anima-par-ariane-gray-hubert\\\/\",\"name\":\"ANIMA par Ariane Gray Hubert - ARIANE GRAY HUBERT\",\"isPartOf\":{\"@id\":\"https:\\\/\\\/www.arianegrayhubert.com\\\/fr\\\/#website\"},\"primaryImageOfPage\":{\"@id\":\"https:\\\/\\\/www.arianegrayhubert.com\\\/fr\\\/boutique\\\/art-collages-de-lartiste\\\/anima-par-ariane-gray-hubert\\\/#primaryimage\"},\"image\":{\"@id\":\"https:\\\/\\\/www.arianegrayhubert.com\\\/fr\\\/boutique\\\/art-collages-de-lartiste\\\/anima-par-ariane-gray-hubert\\\/#primaryimage\"},\"thumbnailUrl\":\"https:\\\/\\\/www.arianegrayhubert.com\\\/wp-content\\\/uploads\\\/2020\\\/11\\\/ART-COLLAGE-ANIMA-by-Ariane-Gray-Hubert2.jpg\",\"datePublished\":\"2020-11-24T14:32:52+00:00\",\"dateModified\":\"2021-03-02T18:35:15+00:00\",\"breadcrumb\":{\"@id\":\"https:\\\/\\\/www.arianegrayhubert.com\\\/fr\\\/boutique\\\/art-collages-de-lartiste\\\/anima-par-ariane-gray-hubert\\\/#breadcrumb\"},\"inLanguage\":\"fr-FR\",\"potentialAction\":[{\"@type\":\"ReadAction\",\"target\":[\"https:\\\/\\\/www.arianegrayhubert.com\\\/fr\\\/boutique\\\/art-collages-de-lartiste\\\/anima-par-ariane-gray-hubert\\\/\"]}]},{\"@type\":\"ImageObject\",\"inLanguage\":\"fr-FR\",\"@id\":\"https:\\\/\\\/www.arianegrayhubert.com\\\/fr\\\/boutique\\\/art-collages-de-lartiste\\\/anima-par-ariane-gray-hubert\\\/#primaryimage\",\"url\":\"https:\\\/\\\/www.arianegrayhubert.com\\\/wp-content\\\/uploads\\\/2020\\\/11\\\/ART-COLLAGE-ANIMA-by-Ariane-Gray-Hubert2.jpg\",\"contentUrl\":\"https:\\\/\\\/www.arianegrayhubert.com\\\/wp-content\\\/uploads\\\/2020\\\/11\\\/ART-COLLAGE-ANIMA-by-Ariane-Gray-Hubert2.jpg\",\"width\":800,\"height\":816},{\"@type\":\"BreadcrumbList\",\"@id\":\"https:\\\/\\\/www.arianegrayhubert.com\\\/fr\\\/boutique\\\/art-collages-de-lartiste\\\/anima-par-ariane-gray-hubert\\\/#breadcrumb\",\"itemListElement\":[{\"@type\":\"ListItem\",\"position\":1,\"name\":\"Accueil\",\"item\":\"https:\\\/\\\/www.arianegrayhubert.com\\\/fr\\\/\"},{\"@type\":\"ListItem\",\"position\":2,\"name\":\"Return-shop-categories\",\"item\":\"https:\\\/\\\/www.arianegrayhubert.com\\\/return-shop-categories\\\/\"},{\"@type\":\"ListItem\",\"position\":3,\"name\":\"ANIMA par Ariane Gray Hubert\"}]},{\"@type\":\"WebSite\",\"@id\":\"https:\\\/\\\/www.arianegrayhubert.com\\\/fr\\\/#website\",\"url\":\"https:\\\/\\\/www.arianegrayhubert.com\\\/fr\\\/\",\"name\":\"ARIANE GRAY HUBERT\",\"description\":\"Chanteuse\",\"publisher\":{\"@id\":\"https:\\\/\\\/www.arianegrayhubert.com\\\/fr\\\/#organization\"},\"potentialAction\":[{\"@type\":\"SearchAction\",\"target\":{\"@type\":\"EntryPoint\",\"urlTemplate\":\"https:\\\/\\\/www.arianegrayhubert.com\\\/fr\\\/?s={search_term_string}\"},\"query-input\":{\"@type\":\"PropertyValueSpecification\",\"valueRequired\":true,\"valueName\":\"search_term_string\"}}],\"inLanguage\":\"fr-FR\"},{\"@type\":\"Organization\",\"@id\":\"https:\\\/\\\/www.arianegrayhubert.com\\\/fr\\\/#organization\",\"name\":\"Ariane Gray Hubert\",\"url\":\"https:\\\/\\\/www.arianegrayhubert.com\\\/fr\\\/\",\"logo\":{\"@type\":\"ImageObject\",\"inLanguage\":\"fr-FR\",\"@id\":\"https:\\\/\\\/www.arianegrayhubert.com\\\/fr\\\/#\\\/schema\\\/logo\\\/image\\\/\",\"url\":\"https:\\\/\\\/www.arianegrayhubert.com\\\/wp-content\\\/uploads\\\/2020\\\/06\\\/logotransparent-bleu.jpg\",\"contentUrl\":\"https:\\\/\\\/www.arianegrayhubert.com\\\/wp-content\\\/uploads\\\/2020\\\/06\\\/logotransparent-bleu.jpg\",\"width\":900,\"height\":201,\"caption\":\"Ariane Gray Hubert\"},\"image\":{\"@id\":\"https:\\\/\\\/www.arianegrayhubert.com\\\/fr\\\/#\\\/schema\\\/logo\\\/image\\\/\"},\"sameAs\":[\"https:\\\/\\\/www.facebook.com\\\/ariane.grayhubert.7\\\/?viewas=100000686899395\",\"https:\\\/\\\/x.com\\\/ArianeArts\"]}]}<\/script>\n<!-- \/ Yoast SEO plugin. -->","yoast_head_json":{"title":"ANIMA par Ariane Gray Hubert - ARIANE GRAY HUBERT","robots":{"index":"index","follow":"follow","max-snippet":"max-snippet:-1","max-image-preview":"max-image-preview:large","max-video-preview":"max-video-preview:-1"},"canonical":"https:\/\/www.arianegrayhubert.com\/fr\/boutique\/art-collages-de-lartiste\/anima-par-ariane-gray-hubert\/","og_locale":"fr_FR","og_type":"article","og_title":"ANIMA par Ariane Gray Hubert - ARIANE GRAY HUBERT","og_description":"AFFICHE EN \u00c9DITION LIMIT\u00c9E, AUTOGRAPHI\u00c9E PAR L'ARTISTE 305 x 305 mn PR\u00c9COMMANDEZ MAINTENANT: DISPONIBLE 2021.  \u00a9 Ariane Gray Hubert Exp\u00e9di\u00e9 depuis la France (entre 6-20 jours ouvrables)","og_url":"https:\/\/www.arianegrayhubert.com\/fr\/boutique\/art-collages-de-lartiste\/anima-par-ariane-gray-hubert\/","og_site_name":"ARIANE GRAY HUBERT","article_publisher":"https:\/\/www.facebook.com\/ariane.grayhubert.7\/?viewas=100000686899395","article_modified_time":"2021-03-02T18:35:15+00:00","og_image":[{"width":800,"height":816,"url":"https:\/\/www.arianegrayhubert.com\/wp-content\/uploads\/2020\/11\/ART-COLLAGE-ANIMA-by-Ariane-Gray-Hubert2.jpg","type":"image\/jpeg"}],"twitter_card":"summary_large_image","twitter_site":"@ArianeArts","twitter_misc":{"Dur\u00e9e de lecture estim\u00e9e":"1 minute"},"schema":{"@context":"https:\/\/schema.org","@graph":[{"@type":"WebPage","@id":"https:\/\/www.arianegrayhubert.com\/fr\/boutique\/art-collages-de-lartiste\/anima-par-ariane-gray-hubert\/","url":"https:\/\/www.arianegrayhubert.com\/fr\/boutique\/art-collages-de-lartiste\/anima-par-ariane-gray-hubert\/","name":"ANIMA par Ariane Gray Hubert - ARIANE GRAY HUBERT","isPartOf":{"@id":"https:\/\/www.arianegrayhubert.com\/fr\/#website"},"primaryImageOfPage":{"@id":"https:\/\/www.arianegrayhubert.com\/fr\/boutique\/art-collages-de-lartiste\/anima-par-ariane-gray-hubert\/#primaryimage"},"image":{"@id":"https:\/\/www.arianegrayhubert.com\/fr\/boutique\/art-collages-de-lartiste\/anima-par-ariane-gray-hubert\/#primaryimage"},"thumbnailUrl":"https:\/\/www.arianegrayhubert.com\/wp-content\/uploads\/2020\/11\/ART-COLLAGE-ANIMA-by-Ariane-Gray-Hubert2.jpg","datePublished":"2020-11-24T14:32:52+00:00","dateModified":"2021-03-02T18:35:15+00:00","breadcrumb":{"@id":"https:\/\/www.arianegrayhubert.com\/fr\/boutique\/art-collages-de-lartiste\/anima-par-ariane-gray-hubert\/#breadcrumb"},"inLanguage":"fr-FR","potentialAction":[{"@type":"ReadAction","target":["https:\/\/www.arianegrayhubert.com\/fr\/boutique\/art-collages-de-lartiste\/anima-par-ariane-gray-hubert\/"]}]},{"@type":"ImageObject","inLanguage":"fr-FR","@id":"https:\/\/www.arianegrayhubert.com\/fr\/boutique\/art-collages-de-lartiste\/anima-par-ariane-gray-hubert\/#primaryimage","url":"https:\/\/www.arianegrayhubert.com\/wp-content\/uploads\/2020\/11\/ART-COLLAGE-ANIMA-by-Ariane-Gray-Hubert2.jpg","contentUrl":"https:\/\/www.arianegrayhubert.com\/wp-content\/uploads\/2020\/11\/ART-COLLAGE-ANIMA-by-Ariane-Gray-Hubert2.jpg","width":800,"height":816},{"@type":"BreadcrumbList","@id":"https:\/\/www.arianegrayhubert.com\/fr\/boutique\/art-collages-de-lartiste\/anima-par-ariane-gray-hubert\/#breadcrumb","itemListElement":[{"@type":"ListItem","position":1,"name":"Accueil","item":"https:\/\/www.arianegrayhubert.com\/fr\/"},{"@type":"ListItem","position":2,"name":"Return-shop-categories","item":"https:\/\/www.arianegrayhubert.com\/return-shop-categories\/"},{"@type":"ListItem","position":3,"name":"ANIMA par Ariane Gray Hubert"}]},{"@type":"WebSite","@id":"https:\/\/www.arianegrayhubert.com\/fr\/#website","url":"https:\/\/www.arianegrayhubert.com\/fr\/","name":"ARIANE GRAY HUBERT","description":"Chanteuse","publisher":{"@id":"https:\/\/www.arianegrayhubert.com\/fr\/#organization"},"potentialAction":[{"@type":"SearchAction","target":{"@type":"EntryPoint","urlTemplate":"https:\/\/www.arianegrayhubert.com\/fr\/?s={search_term_string}"},"query-input":{"@type":"PropertyValueSpecification","valueRequired":true,"valueName":"search_term_string"}}],"inLanguage":"fr-FR"},{"@type":"Organization","@id":"https:\/\/www.arianegrayhubert.com\/fr\/#organization","name":"Ariane Gray Hubert","url":"https:\/\/www.arianegrayhubert.com\/fr\/","logo":{"@type":"ImageObject","inLanguage":"fr-FR","@id":"https:\/\/www.arianegrayhubert.com\/fr\/#\/schema\/logo\/image\/","url":"https:\/\/www.arianegrayhubert.com\/wp-content\/uploads\/2020\/06\/logotransparent-bleu.jpg","contentUrl":"https:\/\/www.arianegrayhubert.com\/wp-content\/uploads\/2020\/06\/logotransparent-bleu.jpg","width":900,"height":201,"caption":"Ariane Gray Hubert"},"image":{"@id":"https:\/\/www.arianegrayhubert.com\/fr\/#\/schema\/logo\/image\/"},"sameAs":["https:\/\/www.facebook.com\/ariane.grayhubert.7\/?viewas=100000686899395","https:\/\/x.com\/ArianeArts"]}]}},"_links":{"self":[{"href":"https:\/\/www.arianegrayhubert.com\/fr\/wp-json\/wp\/v2\/product\/7063","targetHints":{"allow":["GET"]}}],"collection":[{"href":"https:\/\/www.arianegrayhubert.com\/fr\/wp-json\/wp\/v2\/product"}],"about":[{"href":"https:\/\/www.arianegrayhubert.com\/fr\/wp-json\/wp\/v2\/types\/product"}],"wp:featuredmedia":[{"embeddable":true,"href":"https:\/\/www.arianegrayhubert.com\/fr\/wp-json\/wp\/v2\/media\/6770"}],"wp:attachment":[{"href":"https:\/\/www.arianegrayhubert.com\/fr\/wp-json\/wp\/v2\/media?parent=7063"}],"wp:term":[{"taxonomy":"product_brand","embeddable":true,"href":"https:\/\/www.arianegrayhubert.com\/fr\/wp-json\/wp\/v2\/product_brand?post=7063"},{"taxonomy":"product_cat","embeddable":true,"href":"https:\/\/www.arianegrayhubert.com\/fr\/wp-json\/wp\/v2\/product_cat?post=7063"},{"taxonomy":"product_tag","embeddable":true,"href":"https:\/\/www.arianegrayhubert.com\/fr\/wp-json\/wp\/v2\/product_tag?post=7063"}],"curies":[{"name":"wp","href":"https:\/\/api.w.org\/{rel}","templated":true}]}}