{"id":6933,"date":"2021-02-19T17:51:08","date_gmt":"2021-02-19T17:51:08","guid":{"rendered":"https:\/\/www.arianegrayhubert.com\/live-stream\/"},"modified":"2021-03-12T11:03:57","modified_gmt":"2021-03-12T11:03:57","slug":"live-stream","status":"publish","type":"page","link":"https:\/\/www.arianegrayhubert.com\/fr\/live-stream\/","title":{"rendered":"LIVE STREAM"},"content":{"rendered":"\n<style type=\"text\/css\" data-created_by=\"avia_inline_auto\" id=\"style-css-av-370u6b-ea4964f9186f2e415b9966a19dec648d\">\n.flex_column.av-370u6b-ea4964f9186f2e415b9966a19dec648d{\nborder-radius:0px 0px 0px 0px;\npadding:0px 0px 0px 0px;\n}\n<\/style>\n<div  class='flex_column av-370u6b-ea4964f9186f2e415b9966a19dec648d av_one_full  avia-builder-el-0  el_before_av_one_full  avia-builder-el-first  first flex_column_div av-zero-column-padding  '     ><style type=\"text\/css\" data-created_by=\"avia_inline_auto\" id=\"style-css-av-kig8eq79-6f90e4bb86ad051d7cefeda0598d653f\">\n#top .av-special-heading.av-kig8eq79-6f90e4bb86ad051d7cefeda0598d653f{\npadding-bottom:10px;\n}\nbody .av-special-heading.av-kig8eq79-6f90e4bb86ad051d7cefeda0598d653f .av-special-heading-tag .heading-char{\nfont-size:25px;\n}\n.av-special-heading.av-kig8eq79-6f90e4bb86ad051d7cefeda0598d653f .av-subheading{\nfont-size:15px;\n}\n<\/style>\n<div  class='av-special-heading av-kig8eq79-6f90e4bb86ad051d7cefeda0598d653f av-special-heading-h1 blockquote modern-quote modern-centered  avia-builder-el-1  avia-builder-el-no-sibling '><h1 class='av-special-heading-tag'  itemprop=\"headline\"  >MEDIA<\/h1><div class=\"special-heading-border\"><div class=\"special-heading-inner-border\"><\/div><\/div><\/div><\/div>\n\n<style type=\"text\/css\" data-created_by=\"avia_inline_auto\" id=\"style-css-av-370u6b-ea4964f9186f2e415b9966a19dec648d\">\n.flex_column.av-370u6b-ea4964f9186f2e415b9966a19dec648d{\nborder-radius:0px 0px 0px 0px;\npadding:0px 0px 0px 0px;\n}\n<\/style>\n<div  class='flex_column av-370u6b-ea4964f9186f2e415b9966a19dec648d av_one_full  avia-builder-el-2  el_after_av_one_full  el_before_av_one_full  first flex_column_div av-zero-column-padding  column-top-margin'     ><style type=\"text\/css\" data-created_by=\"avia_inline_auto\" id=\"style-css-av-kig8esva-49a4d7df86da4d2f2411a5c3961141c5\">\n#top .av-special-heading.av-kig8esva-49a4d7df86da4d2f2411a5c3961141c5{\npadding-bottom:10px;\n}\nbody .av-special-heading.av-kig8esva-49a4d7df86da4d2f2411a5c3961141c5 .av-special-heading-tag .heading-char{\nfont-size:25px;\n}\n.av-special-heading.av-kig8esva-49a4d7df86da4d2f2411a5c3961141c5 .av-subheading{\nfont-size:15px;\n}\n<\/style>\n<div  class='av-special-heading av-kig8esva-49a4d7df86da4d2f2411a5c3961141c5 av-special-heading-h2 blockquote modern-quote modern-centered  avia-builder-el-3  avia-builder-el-no-sibling '><h2 class='av-special-heading-tag'  itemprop=\"headline\"  >LIVE STREAM<\/h2><div class=\"special-heading-border\"><div class=\"special-heading-inner-border\"><\/div><\/div><\/div><\/div>\n\n<style type=\"text\/css\" data-created_by=\"avia_inline_auto\" id=\"style-css-av-26u2w8-da15ea2dcd3d7ba788f02818ba377ecb\">\n.flex_column.av-26u2w8-da15ea2dcd3d7ba788f02818ba377ecb{\nborder-radius:0px 0px 0px 0px;\npadding:0px 0px 0px 0px;\n}\n<\/style>\n<div  class='flex_column av-26u2w8-da15ea2dcd3d7ba788f02818ba377ecb av_one_full  avia-builder-el-4  el_after_av_one_full  el_before_av_one_full  first flex_column_div av-zero-column-padding  column-top-margin'     ><div  data-slideshow-options=\"{&quot;animation&quot;:&quot;fade&quot;,&quot;autoplay&quot;:false,&quot;loop_autoplay&quot;:&quot;once&quot;,&quot;interval&quot;:5,&quot;loop_manual&quot;:&quot;manual-endless&quot;,&quot;autoplay_stopper&quot;:false,&quot;noNavigation&quot;:false,&quot;show_slide_delay&quot;:90}\" class='avia-content-slider avia-content-grid-active avia-content-slider1 avia-content-slider-odd  avia-builder-el-5  avia-builder-el-no-sibling  av-slideshow-ui av-control-default   av-no-slider-navigation av-slideshow-manual av-loop-once av-loop-manual-endless '  itemscope=\"itemscope\" itemtype=\"https:\/\/schema.org\/Blog\" ><div class=\"avia-content-slider-inner\"><div class=\"slide-entry-wrap\"><article class='slide-entry flex_column  post-entry post-entry-6320 slide-entry-overview slide-loop-1 slide-parity-odd  post-entry-last  av_one_third first real-thumbnail posttype-post post-format-standard'  itemscope=\"itemscope\" itemtype=\"https:\/\/schema.org\/CreativeWork\" ><a href='https:\/\/www.arianegrayhubert.com\/fr\/a-venir\/' data-rel='slide-1' class='slide-image' title='LIVE STREAM'><img decoding=\"async\" width=\"495\" height=\"375\" src=\"https:\/\/www.arianegrayhubert.com\/wp-content\/uploads\/2020\/11\/photopage-accueillivestream-495x375.jpg\" class=\"wp-image-4922 avia-img-lazy-loading-not-4922 attachment-portfolio size-portfolio wp-post-image\" alt=\"\" loading=\"lazy\" \/><\/a><div class=\"slide-content\"><header class=\"entry-content-header\"><h3 class='slide-entry-title entry-title '  itemprop=\"headline\" ><a href='https:\/\/www.arianegrayhubert.com\/fr\/a-venir\/' title='LIVE STREAM'>LIVE STREAM<\/a><\/h3><span class=\"blog-categories minor-meta\"><a href=\"https:\/\/www.arianegrayhubert.com\/fr\/category\/live-stream-fr-2\/\" rel=\"tag\">Live stream<\/a> <\/span><span class=\"av-vertical-delimiter\"><\/span><\/header><div class='slide-entry-excerpt entry-content'  itemprop=\"text\" >Ariane Gray Hubert a donn\u00e9 une premi\u00e8re s\u00e9rie de live stream depuis F\u00e9vrier 2021. Invit\u00e9e par le Women International Club en Inde, l'artiste a pr\u00e9sent\u00e9 pour tous les membres une version anim\u00e9e entre une s\u00e9lection de vid\u00e9os et nouvel\u2026<div class=\"read-more-link\"><a href=\"https:\/\/www.arianegrayhubert.com\/fr\/a-venir\/\" class=\"more-link\">Lire la suite<span class=\"more-link-arrow\"><\/span><\/a><\/div><\/div><\/div><footer class=\"entry-footer\"><div class=\"slide-meta\"><time class='slide-meta-time updated'  itemprop=\"datePublished\" datetime=\"2021-02-12T18:17:37+02:00\" >12 f\u00e9vrier 2021<\/time><\/div><\/footer><span class='hidden'>\n\t\t\t\t<span class='av-structured-data'  itemprop=\"image\" itemscope=\"itemscope\" itemtype=\"https:\/\/schema.org\/ImageObject\" >\n\t\t\t\t\t\t<span itemprop='url'>https:\/\/www.arianegrayhubert.com\/wp-content\/uploads\/2020\/11\/photopage-accueillivestream.jpg<\/span>\n\t\t\t\t\t\t<span itemprop='height'>375<\/span>\n\t\t\t\t\t\t<span itemprop='width'>710<\/span>\n\t\t\t\t<\/span>\n\t\t\t\t<span class='av-structured-data'  itemprop=\"publisher\" itemtype=\"https:\/\/schema.org\/Organization\" itemscope=\"itemscope\" >\n\t\t\t\t\t\t<span itemprop='name'>stephane<\/span>\n\t\t\t\t\t\t<span itemprop='logo' itemscope itemtype='https:\/\/schema.org\/ImageObject'>\n\t\t\t\t\t\t\t<span itemprop='url'>https:\/\/www.arianegrayhubert.com\/wp-content\/uploads\/2020\/06\/logotransparent-bleu.png<\/span>\n\t\t\t\t\t\t<\/span>\n\t\t\t\t<\/span><span class='av-structured-data'  itemprop=\"author\" itemscope=\"itemscope\" itemtype=\"https:\/\/schema.org\/Person\" ><span itemprop='name'>stephane<\/span><\/span><span class='av-structured-data'  itemprop=\"datePublished\" datetime=\"2021-02-19T17:51:08+02:00\" >2021-02-12 18:17:37<\/span><span class='av-structured-data'  itemprop=\"dateModified\" itemtype=\"https:\/\/schema.org\/dateModified\" >2022-01-14 10:17:28<\/span><span class='av-structured-data'  itemprop=\"mainEntityOfPage\" itemtype=\"https:\/\/schema.org\/mainEntityOfPage\" ><span itemprop='name'>LIVE STREAM<\/span><\/span><\/span><\/article><\/div><\/div><\/div><\/div>\n\n<style type=\"text\/css\" data-created_by=\"avia_inline_auto\" id=\"style-css-av-4aqmzq-41f2ca688ea017cfe4a6f32d8ae87fe5\">\n.flex_column.av-4aqmzq-41f2ca688ea017cfe4a6f32d8ae87fe5{\nborder-radius:0px 0px 0px 0px;\npadding:0px 0px 0px 0px;\n}\n<\/style>\n<div  class='flex_column av-4aqmzq-41f2ca688ea017cfe4a6f32d8ae87fe5 av_one_full  avia-builder-el-6  el_after_av_one_full  avia-builder-el-last  first flex_column_div av-zero-column-padding  column-top-margin'     ><p>\n<style type=\"text\/css\" data-created_by=\"avia_inline_auto\" id=\"style-css-av-kl14mwzr-9f215e53ec2826720349e48ecf916662\">\n#top .av-special-heading.av-kl14mwzr-9f215e53ec2826720349e48ecf916662{\npadding-bottom:10px;\ncolor:#0a0a0a;\n}\nbody .av-special-heading.av-kl14mwzr-9f215e53ec2826720349e48ecf916662 .av-special-heading-tag .heading-char{\nfont-size:25px;\n}\n.av-special-heading.av-kl14mwzr-9f215e53ec2826720349e48ecf916662 .special-heading-inner-border{\nborder-color:#0a0a0a;\n}\n.av-special-heading.av-kl14mwzr-9f215e53ec2826720349e48ecf916662 .av-subheading{\nfont-size:15px;\n}\n<\/style>\n<div  class='av-special-heading av-kl14mwzr-9f215e53ec2826720349e48ecf916662 av-special-heading-h2 custom-color-heading blockquote modern-quote modern-centered  avia-builder-el-7  el_before_av_social_share  avia-builder-el-first '><h2 class='av-special-heading-tag'  itemprop=\"headline\"  >PARTAGER SUR LES RESEAUX SOCIAUX <\/h2><div class=\"special-heading-border\"><div class=\"special-heading-inner-border\"><\/div><\/div><\/div><br \/>\n<div  class='av-social-sharing-box av-k9a4c629-58357581aa3cf76c64c624aca89fb7ea av-social-sharing-box-default  avia-builder-el-8  el_after_av_heading  avia-builder-el-last  av-social-sharing-box-fullwidth'><div class=\"av-share-box\"><ul class=\"av-share-box-list noLightbox\"><li class='av-share-link av-social-link-facebook' ><a target=\"_blank\" aria-label=\"Partager sur Facebook\" href='https:\/\/www.facebook.com\/sharer.php?u=https:\/\/www.arianegrayhubert.com\/fr\/live-stream\/&#038;t=LIVE%20STREAM' aria-hidden='false' data-av_icon='\ue8f3' data-av_iconfont='entypo-fontello' title='' data-avia-related-tooltip='Partager sur Facebook' rel=\"noopener\"><span class='avia_hidden_link_text'>Partager sur Facebook<\/span><\/a><\/li><li class='av-share-link av-social-link-twitter' ><a target=\"_blank\" aria-label=\"Partager sur Twitter\" href='https:\/\/twitter.com\/share?text=LIVE%20STREAM&#038;url=https:\/\/www.arianegrayhubert.com\/fr\/?p=6933' aria-hidden='false' data-av_icon='\ue8f1' data-av_iconfont='entypo-fontello' title='' data-avia-related-tooltip='Partager sur Twitter' rel=\"noopener\"><span class='avia_hidden_link_text'>Partager sur Twitter<\/span><\/a><\/li><li class='av-share-link av-social-link-whatsapp' ><a target=\"_blank\" aria-label=\"Partager sur WhatsApp\" href='https:\/\/api.whatsapp.com\/send?text=https:\/\/www.arianegrayhubert.com\/fr\/live-stream\/' aria-hidden='false' data-av_icon='\uf232' data-av_iconfont='entypo-fontello' title='' data-avia-related-tooltip='Partager sur WhatsApp' rel=\"noopener\"><span class='avia_hidden_link_text'>Partager sur WhatsApp<\/span><\/a><\/li><li class='av-share-link av-social-link-pinterest' ><a target=\"_blank\" aria-label=\"Partager sur Pinterest\" href='https:\/\/pinterest.com\/pin\/create\/button\/?url=https%3A%2F%2Fwww.arianegrayhubert.com%2Ffr%2Flive-stream%2F&#038;description=LIVE%20STREAM&#038;media=' aria-hidden='false' data-av_icon='\ue8f8' data-av_iconfont='entypo-fontello' title='' data-avia-related-tooltip='Partager sur Pinterest' rel=\"noopener\"><span class='avia_hidden_link_text'>Partager sur Pinterest<\/span><\/a><\/li><li class='av-share-link av-social-link-linkedin' ><a target=\"_blank\" aria-label=\"Partager sur LinkedIn\" href='https:\/\/linkedin.com\/shareArticle?mini=true&#038;title=LIVE%20STREAM&#038;url=https:\/\/www.arianegrayhubert.com\/fr\/live-stream\/' aria-hidden='false' data-av_icon='\ue8fc' data-av_iconfont='entypo-fontello' title='' data-avia-related-tooltip='Partager sur LinkedIn' rel=\"noopener\"><span class='avia_hidden_link_text'>Partager sur LinkedIn<\/span><\/a><\/li><li class='av-share-link av-social-link-mail' ><a  aria-label=\"Partager par Mail\" href='mailto:?subject=LIVE%20STREAM&#038;body=https:\/\/www.arianegrayhubert.com\/fr\/live-stream\/' aria-hidden='false' data-av_icon='\ue805' data-av_iconfont='entypo-fontello' title='' data-avia-related-tooltip='Partager par Mail'><span class='avia_hidden_link_text'>Partager par Mail<\/span><\/a><\/li><\/ul><\/div><\/div><\/p><\/div>\n","protected":false},"excerpt":{"rendered":"","protected":false},"author":1,"featured_media":0,"parent":0,"menu_order":0,"comment_status":"closed","ping_status":"closed","template":"","meta":{"footnotes":""},"class_list":["post-6933","page","type-page","status-publish","hentry"],"yoast_head":"<!-- This site is optimized with the Yoast SEO plugin v27.4 - https:\/\/yoast.com\/product\/yoast-seo-wordpress\/ -->\n<title>LIVE STREAM - ARIANE GRAY HUBERT<\/title>\n<meta name=\"robots\" content=\"index, follow, max-snippet:-1, max-image-preview:large, max-video-preview:-1\" \/>\n<link rel=\"canonical\" href=\"https:\/\/www.arianegrayhubert.com\/fr\/live-stream\/\" \/>\n<meta property=\"og:locale\" content=\"fr_FR\" \/>\n<meta property=\"og:type\" content=\"article\" \/>\n<meta property=\"og:title\" content=\"LIVE STREAM - ARIANE GRAY HUBERT\" \/>\n<meta property=\"og:url\" content=\"https:\/\/www.arianegrayhubert.com\/fr\/live-stream\/\" \/>\n<meta property=\"og:site_name\" content=\"ARIANE GRAY HUBERT\" \/>\n<meta property=\"article:publisher\" content=\"https:\/\/www.facebook.com\/ariane.grayhubert.7\/?viewas=100000686899395\" \/>\n<meta property=\"article:modified_time\" content=\"2021-03-12T11:03:57+00:00\" \/>\n<meta property=\"og:image\" content=\"https:\/\/www.arianegrayhubert.com\/wp-content\/uploads\/2020\/12\/Ariane-Gray-Hubert-Press-HD-4.jpg\" \/>\n\t<meta property=\"og:image:width\" content=\"1500\" \/>\n\t<meta property=\"og:image:height\" content=\"1000\" \/>\n\t<meta property=\"og:image:type\" content=\"image\/jpeg\" \/>\n<meta name=\"twitter:card\" content=\"summary_large_image\" \/>\n<meta name=\"twitter:site\" content=\"@ArianeArts\" \/>\n<meta name=\"twitter:label1\" content=\"Dur\u00e9e de lecture estim\u00e9e\" \/>\n\t<meta name=\"twitter:data1\" content=\"4 minutes\" \/>\n<script type=\"application\/ld+json\" class=\"yoast-schema-graph\">{\"@context\":\"https:\\\/\\\/schema.org\",\"@graph\":[{\"@type\":\"WebPage\",\"@id\":\"https:\\\/\\\/www.arianegrayhubert.com\\\/fr\\\/live-stream\\\/\",\"url\":\"https:\\\/\\\/www.arianegrayhubert.com\\\/fr\\\/live-stream\\\/\",\"name\":\"LIVE STREAM - ARIANE GRAY HUBERT\",\"isPartOf\":{\"@id\":\"https:\\\/\\\/www.arianegrayhubert.com\\\/fr\\\/#website\"},\"datePublished\":\"2021-02-19T17:51:08+00:00\",\"dateModified\":\"2021-03-12T11:03:57+00:00\",\"breadcrumb\":{\"@id\":\"https:\\\/\\\/www.arianegrayhubert.com\\\/fr\\\/live-stream\\\/#breadcrumb\"},\"inLanguage\":\"fr-FR\",\"potentialAction\":[{\"@type\":\"ReadAction\",\"target\":[\"https:\\\/\\\/www.arianegrayhubert.com\\\/fr\\\/live-stream\\\/\"]}]},{\"@type\":\"BreadcrumbList\",\"@id\":\"https:\\\/\\\/www.arianegrayhubert.com\\\/fr\\\/live-stream\\\/#breadcrumb\",\"itemListElement\":[{\"@type\":\"ListItem\",\"position\":1,\"name\":\"Accueil\",\"item\":\"https:\\\/\\\/www.arianegrayhubert.com\\\/fr\\\/\"},{\"@type\":\"ListItem\",\"position\":2,\"name\":\"LIVE STREAM\"}]},{\"@type\":\"WebSite\",\"@id\":\"https:\\\/\\\/www.arianegrayhubert.com\\\/fr\\\/#website\",\"url\":\"https:\\\/\\\/www.arianegrayhubert.com\\\/fr\\\/\",\"name\":\"ARIANE GRAY HUBERT\",\"description\":\"Chanteuse\",\"publisher\":{\"@id\":\"https:\\\/\\\/www.arianegrayhubert.com\\\/fr\\\/#organization\"},\"potentialAction\":[{\"@type\":\"SearchAction\",\"target\":{\"@type\":\"EntryPoint\",\"urlTemplate\":\"https:\\\/\\\/www.arianegrayhubert.com\\\/fr\\\/?s={search_term_string}\"},\"query-input\":{\"@type\":\"PropertyValueSpecification\",\"valueRequired\":true,\"valueName\":\"search_term_string\"}}],\"inLanguage\":\"fr-FR\"},{\"@type\":\"Organization\",\"@id\":\"https:\\\/\\\/www.arianegrayhubert.com\\\/fr\\\/#organization\",\"name\":\"Ariane Gray Hubert\",\"url\":\"https:\\\/\\\/www.arianegrayhubert.com\\\/fr\\\/\",\"logo\":{\"@type\":\"ImageObject\",\"inLanguage\":\"fr-FR\",\"@id\":\"https:\\\/\\\/www.arianegrayhubert.com\\\/fr\\\/#\\\/schema\\\/logo\\\/image\\\/\",\"url\":\"https:\\\/\\\/www.arianegrayhubert.com\\\/wp-content\\\/uploads\\\/2020\\\/06\\\/logotransparent-bleu.jpg\",\"contentUrl\":\"https:\\\/\\\/www.arianegrayhubert.com\\\/wp-content\\\/uploads\\\/2020\\\/06\\\/logotransparent-bleu.jpg\",\"width\":900,\"height\":201,\"caption\":\"Ariane Gray Hubert\"},\"image\":{\"@id\":\"https:\\\/\\\/www.arianegrayhubert.com\\\/fr\\\/#\\\/schema\\\/logo\\\/image\\\/\"},\"sameAs\":[\"https:\\\/\\\/www.facebook.com\\\/ariane.grayhubert.7\\\/?viewas=100000686899395\",\"https:\\\/\\\/x.com\\\/ArianeArts\"]}]}<\/script>\n<!-- \/ Yoast SEO plugin. -->","yoast_head_json":{"title":"LIVE STREAM - ARIANE GRAY HUBERT","robots":{"index":"index","follow":"follow","max-snippet":"max-snippet:-1","max-image-preview":"max-image-preview:large","max-video-preview":"max-video-preview:-1"},"canonical":"https:\/\/www.arianegrayhubert.com\/fr\/live-stream\/","og_locale":"fr_FR","og_type":"article","og_title":"LIVE STREAM - ARIANE GRAY HUBERT","og_url":"https:\/\/www.arianegrayhubert.com\/fr\/live-stream\/","og_site_name":"ARIANE GRAY HUBERT","article_publisher":"https:\/\/www.facebook.com\/ariane.grayhubert.7\/?viewas=100000686899395","article_modified_time":"2021-03-12T11:03:57+00:00","og_image":[{"width":1500,"height":1000,"url":"https:\/\/www.arianegrayhubert.com\/wp-content\/uploads\/2020\/12\/Ariane-Gray-Hubert-Press-HD-4.jpg","type":"image\/jpeg"}],"twitter_card":"summary_large_image","twitter_site":"@ArianeArts","twitter_misc":{"Dur\u00e9e de lecture estim\u00e9e":"4 minutes"},"schema":{"@context":"https:\/\/schema.org","@graph":[{"@type":"WebPage","@id":"https:\/\/www.arianegrayhubert.com\/fr\/live-stream\/","url":"https:\/\/www.arianegrayhubert.com\/fr\/live-stream\/","name":"LIVE STREAM - ARIANE GRAY HUBERT","isPartOf":{"@id":"https:\/\/www.arianegrayhubert.com\/fr\/#website"},"datePublished":"2021-02-19T17:51:08+00:00","dateModified":"2021-03-12T11:03:57+00:00","breadcrumb":{"@id":"https:\/\/www.arianegrayhubert.com\/fr\/live-stream\/#breadcrumb"},"inLanguage":"fr-FR","potentialAction":[{"@type":"ReadAction","target":["https:\/\/www.arianegrayhubert.com\/fr\/live-stream\/"]}]},{"@type":"BreadcrumbList","@id":"https:\/\/www.arianegrayhubert.com\/fr\/live-stream\/#breadcrumb","itemListElement":[{"@type":"ListItem","position":1,"name":"Accueil","item":"https:\/\/www.arianegrayhubert.com\/fr\/"},{"@type":"ListItem","position":2,"name":"LIVE STREAM"}]},{"@type":"WebSite","@id":"https:\/\/www.arianegrayhubert.com\/fr\/#website","url":"https:\/\/www.arianegrayhubert.com\/fr\/","name":"ARIANE GRAY HUBERT","description":"Chanteuse","publisher":{"@id":"https:\/\/www.arianegrayhubert.com\/fr\/#organization"},"potentialAction":[{"@type":"SearchAction","target":{"@type":"EntryPoint","urlTemplate":"https:\/\/www.arianegrayhubert.com\/fr\/?s={search_term_string}"},"query-input":{"@type":"PropertyValueSpecification","valueRequired":true,"valueName":"search_term_string"}}],"inLanguage":"fr-FR"},{"@type":"Organization","@id":"https:\/\/www.arianegrayhubert.com\/fr\/#organization","name":"Ariane Gray Hubert","url":"https:\/\/www.arianegrayhubert.com\/fr\/","logo":{"@type":"ImageObject","inLanguage":"fr-FR","@id":"https:\/\/www.arianegrayhubert.com\/fr\/#\/schema\/logo\/image\/","url":"https:\/\/www.arianegrayhubert.com\/wp-content\/uploads\/2020\/06\/logotransparent-bleu.jpg","contentUrl":"https:\/\/www.arianegrayhubert.com\/wp-content\/uploads\/2020\/06\/logotransparent-bleu.jpg","width":900,"height":201,"caption":"Ariane Gray Hubert"},"image":{"@id":"https:\/\/www.arianegrayhubert.com\/fr\/#\/schema\/logo\/image\/"},"sameAs":["https:\/\/www.facebook.com\/ariane.grayhubert.7\/?viewas=100000686899395","https:\/\/x.com\/ArianeArts"]}]}},"_links":{"self":[{"href":"https:\/\/www.arianegrayhubert.com\/fr\/wp-json\/wp\/v2\/pages\/6933","targetHints":{"allow":["GET"]}}],"collection":[{"href":"https:\/\/www.arianegrayhubert.com\/fr\/wp-json\/wp\/v2\/pages"}],"about":[{"href":"https:\/\/www.arianegrayhubert.com\/fr\/wp-json\/wp\/v2\/types\/page"}],"author":[{"embeddable":true,"href":"https:\/\/www.arianegrayhubert.com\/fr\/wp-json\/wp\/v2\/users\/1"}],"replies":[{"embeddable":true,"href":"https:\/\/www.arianegrayhubert.com\/fr\/wp-json\/wp\/v2\/comments?post=6933"}],"version-history":[{"count":5,"href":"https:\/\/www.arianegrayhubert.com\/fr\/wp-json\/wp\/v2\/pages\/6933\/revisions"}],"predecessor-version":[{"id":7694,"href":"https:\/\/www.arianegrayhubert.com\/fr\/wp-json\/wp\/v2\/pages\/6933\/revisions\/7694"}],"wp:attachment":[{"href":"https:\/\/www.arianegrayhubert.com\/fr\/wp-json\/wp\/v2\/media?parent=6933"}],"curies":[{"name":"wp","href":"https:\/\/api.w.org\/{rel}","templated":true}]}}