{"id":6800,"date":"2021-02-19T16:01:28","date_gmt":"2021-02-19T16:01:28","guid":{"rendered":"https:\/\/www.arianegrayhubert.com\/?page_id=6800"},"modified":"2024-05-23T12:03:09","modified_gmt":"2024-05-23T10:03:09","slug":"contact","status":"publish","type":"page","link":"https:\/\/www.arianegrayhubert.com\/fr\/contact\/","title":{"rendered":"CONTACT"},"content":{"rendered":"\n<style type=\"text\/css\" data-created_by=\"avia_inline_auto\" id=\"style-css-av-k7no96id-84ce5efaea35d86bf5498b9dc17e7e21\">\n.avia-section.av-k7no96id-84ce5efaea35d86bf5498b9dc17e7e21{\nbackground-color:#011139;\nbackground-image:url(https:\/\/www.arianegrayhubert.com\/wp-content\/uploads\/2020\/12\/main-contact-2.jpg);\nbackground-repeat:no-repeat;\nbackground-position:50% 0%;\nbackground-attachment:scroll;\n}\n<\/style>\n<div id='av_section_1'  class='avia-section av-k7no96id-84ce5efaea35d86bf5498b9dc17e7e21 main_color avia-section-default avia-no-border-styling  avia-builder-el-0  el_before_av_one_full  avia-builder-el-first  avia-full-stretch avia-bg-style-scroll container_wrap fullsize'  data-section-bg-repeat='stretch'><div class='container av-section-cont-open' ><main  role=\"main\" itemprop=\"mainContentOfPage\"  class='template-page content  av-content-full alpha units'><div class='post-entry post-entry-type-page post-entry-6800'><div class='entry-content-wrapper clearfix'>\n\n<style type=\"text\/css\" data-created_by=\"avia_inline_auto\" id=\"style-css-av-k7nocv8s-439667c4a63b04fc35afb4b2a71ccfdb\">\n#top .hr.hr-invisible.av-k7nocv8s-439667c4a63b04fc35afb4b2a71ccfdb{\nheight:350px;\n}\n<\/style>\n<div  class='hr av-k7nocv8s-439667c4a63b04fc35afb4b2a71ccfdb hr-invisible  avia-builder-el-1  el_before_av_one_full  avia-builder-el-first '><span class='hr-inner '><span class=\"hr-inner-style\"><\/span><\/span><\/div>\n\n<style type=\"text\/css\" data-created_by=\"avia_inline_auto\" id=\"style-css-av-48vraw-a658dc138e909fb992cd7ce60ec45b94\">\n.flex_column.av-48vraw-a658dc138e909fb992cd7ce60ec45b94{\nborder-radius:0px 0px 0px 0px;\npadding:0px 0px 0px 0px;\n}\n<\/style>\n<div  class='flex_column av-48vraw-a658dc138e909fb992cd7ce60ec45b94 av_one_full  avia-builder-el-2  el_after_av_hr  el_before_av_hr  first flex_column_div av-animated-generic left-to-right av-zero-column-padding  '     ><style type=\"text\/css\" data-created_by=\"avia_inline_auto\" id=\"style-css-av-kl8a1eoa-ebb05b37188bb57ab18d37f4a6d4c6ed\">\n#top .av-special-heading.av-kl8a1eoa-ebb05b37188bb57ab18d37f4a6d4c6ed{\npadding-bottom:10px;\ncolor:#ffffff;\n}\nbody .av-special-heading.av-kl8a1eoa-ebb05b37188bb57ab18d37f4a6d4c6ed .av-special-heading-tag .heading-char{\nfont-size:25px;\n}\n.av-special-heading.av-kl8a1eoa-ebb05b37188bb57ab18d37f4a6d4c6ed .special-heading-inner-border{\nborder-color:#ffffff;\n}\n.av-special-heading.av-kl8a1eoa-ebb05b37188bb57ab18d37f4a6d4c6ed .av-subheading{\nfont-size:15px;\n}\n<\/style>\n<div  class='av-special-heading av-kl8a1eoa-ebb05b37188bb57ab18d37f4a6d4c6ed av-special-heading-h1 custom-color-heading blockquote modern-quote modern-centered  avia-builder-el-3  avia-builder-el-no-sibling '><h1 class='av-special-heading-tag'  itemprop=\"headline\"  >CONTACT<\/h1><div class=\"special-heading-border\"><div class=\"special-heading-inner-border\"><\/div><\/div><\/div><\/div>\n<style type=\"text\/css\" data-created_by=\"avia_inline_auto\" id=\"style-css-av-k7nocv8s-de2d39134bfde31de58880cd4174802e\">\n#top .hr.hr-invisible.av-k7nocv8s-de2d39134bfde31de58880cd4174802e{\nheight:100px;\n}\n<\/style>\n<div  class='hr av-k7nocv8s-de2d39134bfde31de58880cd4174802e hr-invisible  avia-builder-el-4  el_after_av_one_full  el_before_av_one_fifth '><span class='hr-inner '><span class=\"hr-inner-style\"><\/span><\/span><\/div>\n\n<style type=\"text\/css\" data-created_by=\"avia_inline_auto\" id=\"style-css-av-1d2mdk-9caf71c37a4a6293ea555b756e84d6e8\">\n.flex_column.av-1d2mdk-9caf71c37a4a6293ea555b756e84d6e8{\nborder-radius:0px 0px 0px 0px;\npadding:0px 0px 0px 0px;\n}\n<\/style>\n<div  class='flex_column av-1d2mdk-9caf71c37a4a6293ea555b756e84d6e8 av_one_fifth  avia-builder-el-5  el_after_av_hr  el_before_av_three_fifth  first flex_column_div av-zero-column-padding  '     ><\/div>\n<style type=\"text\/css\" data-created_by=\"avia_inline_auto\" id=\"style-css-av-b5dg60-c4539eb2273ce99272bf34ea0c42b5fb\">\n.flex_column.av-b5dg60-c4539eb2273ce99272bf34ea0c42b5fb{\nborder-radius:0px 0px 0px 0px;\npadding:0px 0px 0px 0px;\n}\n<\/style>\n<div  class='flex_column av-b5dg60-c4539eb2273ce99272bf34ea0c42b5fb av_three_fifth  avia-builder-el-6  el_after_av_one_fifth  el_before_av_one_fifth  flex_column_div av-zero-column-padding  '     ><form action=\"https:\/\/www.arianegrayhubert.com\/fr\/contact\/\" method=\"post\" data-fields-with-error=\"Erreurs trouv\u00e9es dans les champs suivants :\" class=\"avia_ajax_form av-form-labels-hidden   avia-builder-el-7  avia-builder-el-no-sibling   \" data-avia-form-id=\"1\" data-avia-redirect='' ><fieldset><p class='  first_form  form_element form_fullwidth' id='element_avia_1_1'><label for=\"avia_1_1\">PRENOM <abbr class=\"required\" title=\"requis(e)\">*<\/abbr><\/label> <input name=\"avia_1_1\" class=\"text_input is_empty\" type=\"text\" id=\"avia_1_1\" value=\"\"  placeholder='PRENOM*'\/><\/p><p class='  first_form  form_element form_fullwidth' id='element_avia_2_1'><label for=\"avia_2_1\">NOM <abbr class=\"required\" title=\"requis(e)\">*<\/abbr><\/label> <input name=\"avia_2_1\" class=\"text_input is_empty\" type=\"text\" id=\"avia_2_1\" value=\"\"  placeholder='NOM*'\/><\/p><p class='  first_form  form_element form_fullwidth' id='element_avia_3_1'><label for=\"avia_3_1\">VOTRE EMAIL <abbr class=\"required\" title=\"requis(e)\">*<\/abbr><\/label> <input name=\"avia_3_1\" class=\"text_input is_ext_email\" type=\"text\" id=\"avia_3_1\" value=\"\"  placeholder='VOTRE EMAIL*'\/><\/p><p class='  first_form  form_element form_fullwidth' id='element_avia_4_1'><label for=\"avia_4_1\">SUJET <abbr class=\"required\" title=\"requis(e)\">*<\/abbr><\/label> <input name=\"avia_4_1\" class=\"text_input is_empty\" type=\"text\" id=\"avia_4_1\" value=\"\"  placeholder='SUJET*'\/><\/p><p class='  first_form  form_element form_fullwidth' id='element_avia_5_1'><label for=\"avia_5_1\" class=\"textare_label hidden textare_label_avia_5_1\">MESSAGE <abbr class=\"required\" title=\"requis(e)\">*<\/abbr><\/label><textarea  placeholder='MESSAGE*' name=\"avia_5_1\" class=\"text_area is_empty\" cols=\"40\" rows=\"7\" id=\"avia_5_1\" ><\/textarea><\/p><p class=\"hidden\"><input type=\"text\" name=\"avia_6_1\" class=\"hidden \" id=\"avia_6_1\" value=\"\" \/><\/p><div id='avia_7_1' class='av-recaptcha-area  first_form  form_element form_fullwidth '  data-container_class=\"\" data-custom_class=\"\" data-context=\"av_contact_form\" data-token_input=\"av_recaptcha_token\" data-version=\"avia_recaptcha_v2\" data-theme=\"light\" data-size=\"normal\" data-score=\"0.5\" data-text_to_preview=\"\" data-value=\"\"><div class=\"av-google-badge-message hidden\">Ce site est prot\u00e9g\u00e9 par reCAPTCHA et la <a href=\"https:\/\/policies.google.com\/privacy\">politique de confidentialit\u00e9<\/a> de Google et <a href=\"https:\/\/policies.google.com\/terms\">leur conditions d\u2019utilisation<\/a> s\u2019appliquent.<\/div><\/div><p class=\"form_element \"><input type=\"hidden\" value=\"1\" name=\"avia_generated_form1\" \/><input type=\"submit\" value=\"ENVOYER\" class=\"button\"  data-sending-label=\"Envoi\"\/><\/p><\/fieldset><div class=\"avia-disabled-form\">Ce formulaire est d\u00e9sactiv\u00e9 dans la mesure o\u00f9 vous refusez d\u2019accepter le service Google reCAPTCHA n\u00e9cessaire pour valider toute exp\u00e9dition de message depuis celui-ci.<\/div><\/form><div id=\"ajaxresponse_1\" class=\"ajaxresponse ajaxresponse_1 hidden\"><\/div><\/div>\n<style type=\"text\/css\" data-created_by=\"avia_inline_auto\" id=\"style-css-av-1d2mdk-0ebad1d8147ff6113499210dc91b1c80\">\n.flex_column.av-1d2mdk-0ebad1d8147ff6113499210dc91b1c80{\nborder-radius:0px 0px 0px 0px;\npadding:0px 0px 0px 0px;\n}\n<\/style>\n<div  class='flex_column av-1d2mdk-0ebad1d8147ff6113499210dc91b1c80 av_one_fifth  avia-builder-el-8  el_after_av_three_fifth  el_before_av_hr  flex_column_div av-zero-column-padding  '     ><\/div>\n<style type=\"text\/css\" data-created_by=\"avia_inline_auto\" id=\"style-css-av-k7nocv8s-a026c5b454ea40c74cc8c62bd40c9fd0\">\n#top .hr.hr-invisible.av-k7nocv8s-a026c5b454ea40c74cc8c62bd40c9fd0{\nheight:50px;\n}\n<\/style>\n<div  class='hr av-k7nocv8s-a026c5b454ea40c74cc8c62bd40c9fd0 hr-invisible  avia-builder-el-9  el_after_av_one_fifth  el_before_av_one_fifth '><span class='hr-inner '><span class=\"hr-inner-style\"><\/span><\/span><\/div>\n\n<style type=\"text\/css\" data-created_by=\"avia_inline_auto\" id=\"style-css-av-1d2mdk-9caf71c37a4a6293ea555b756e84d6e8\">\n.flex_column.av-1d2mdk-9caf71c37a4a6293ea555b756e84d6e8{\nborder-radius:0px 0px 0px 0px;\npadding:0px 0px 0px 0px;\n}\n<\/style>\n<div  class='flex_column av-1d2mdk-9caf71c37a4a6293ea555b756e84d6e8 av_one_fifth  avia-builder-el-10  el_after_av_hr  el_before_av_three_fifth  first flex_column_div av-zero-column-padding  '     ><\/div>\n<style type=\"text\/css\" data-created_by=\"avia_inline_auto\" id=\"style-css-av-9pwire-2a137d29a0971bd734c3276da400f397\">\n.flex_column.av-9pwire-2a137d29a0971bd734c3276da400f397{\nborder-radius:0px 0px 0px 0px;\npadding:0px 0px 0px 0px;\n}\n<\/style>\n<div  class='flex_column av-9pwire-2a137d29a0971bd734c3276da400f397 av_three_fifth  avia-builder-el-11  el_after_av_one_fifth  el_before_av_one_fifth  flex_column_div av-zero-column-padding  '     ><p>\n<style type=\"text\/css\" data-created_by=\"avia_inline_auto\" id=\"style-css-av-9gpp7-1b825d992f1c1c0058b912977ca1a6cf\">\n#top .av-special-heading.av-9gpp7-1b825d992f1c1c0058b912977ca1a6cf{\npadding-bottom:10px;\ncolor:#ffffff;\n}\nbody .av-special-heading.av-9gpp7-1b825d992f1c1c0058b912977ca1a6cf .av-special-heading-tag .heading-char{\nfont-size:25px;\n}\n.av-special-heading.av-9gpp7-1b825d992f1c1c0058b912977ca1a6cf .special-heading-inner-border{\nborder-color:#ffffff;\n}\n.av-special-heading.av-9gpp7-1b825d992f1c1c0058b912977ca1a6cf .av-subheading{\nfont-size:15px;\n}\n<\/style>\n<div  class='av-special-heading av-9gpp7-1b825d992f1c1c0058b912977ca1a6cf av-special-heading-h3 custom-color-heading blockquote modern-quote  avia-builder-el-12  el_before_av_contact  avia-builder-el-first '><h3 class='av-special-heading-tag'  itemprop=\"headline\"  >REJOIGNEZ NOUS POUR LES EVENEMENTS A VENIR D\u2019ARIANE GRAY HUBERT<\/h3><div class=\"special-heading-border\"><div class=\"special-heading-inner-border\"><\/div><\/div><\/div><br \/>\n<form action=\"https:\/\/www.arianegrayhubert.com\/fr\/contact\/\" method=\"post\" data-fields-with-error=\"Erreurs trouv\u00e9es dans les champs suivants :\" class=\"avia_ajax_form av-form-labels-hidden   avia-builder-el-13  el_after_av_heading  avia-builder-el-last   \" data-avia-form-id=\"2\" data-avia-redirect='' ><fieldset><p class='  first_form  form_element form_fullwidth' id='element_avia_1_2'><label for=\"avia_1_2\">VOTRE MAIL (requis) <abbr class=\"required\" title=\"requis(e)\">*<\/abbr><\/label> <input name=\"avia_1_2\" class=\"text_input is_email\" type=\"text\" id=\"avia_1_2\" value=\"\"  placeholder='VOTRE MAIL (requis)*'\/><\/p><p class='  first_form  form_element form_fullwidth av-last-visible-form-element' id='element_avia_2_2'><label for=\"avia_2_2\">PAYS <abbr class=\"required\" title=\"requis(e)\">*<\/abbr><\/label> <input name=\"avia_2_2\" class=\"text_input is_empty\" type=\"text\" id=\"avia_2_2\" value=\"\"  placeholder='PAYS*'\/><\/p><p class=\"hidden\"><input type=\"text\" name=\"avia_3_2\" class=\"hidden \" id=\"avia_3_2\" value=\"\" \/><\/p><p class=\"form_element \"><input type=\"hidden\" value=\"1\" name=\"avia_generated_form2\" \/><input type=\"submit\" value=\"SOUSCRIRE\" class=\"button\"  data-sending-label=\"Envoi\"\/><\/p><\/fieldset><\/form><div id=\"ajaxresponse_2\" class=\"ajaxresponse ajaxresponse_2 hidden\"><\/div><\/p><\/div>\n<style type=\"text\/css\" data-created_by=\"avia_inline_auto\" id=\"style-css-av-8ox2tk-a1f327de95ab871c6968c662510941c2\">\n.flex_column.av-8ox2tk-a1f327de95ab871c6968c662510941c2{\nborder-radius:0px 0px 0px 0px;\npadding:0px 0px 0px 0px;\n}\n<\/style>\n<div  class='flex_column av-8ox2tk-a1f327de95ab871c6968c662510941c2 av_one_fifth  avia-builder-el-14  el_after_av_three_fifth  avia-builder-el-last  flex_column_div av-zero-column-padding  '     ><\/div><\/div><\/div><\/main><!-- close content main element --><\/div><\/div><div id='after_section_1'  class='main_color av_default_container_wrap container_wrap fullsize'  ><div class='container av-section-cont-open' ><div class='template-page content  av-content-full alpha units'><div class='post-entry post-entry-type-page post-entry-6800'><div class='entry-content-wrapper clearfix'>\n<style type=\"text\/css\" data-created_by=\"avia_inline_auto\" id=\"style-css-av-4aqmzq-41f2ca688ea017cfe4a6f32d8ae87fe5\">\n.flex_column.av-4aqmzq-41f2ca688ea017cfe4a6f32d8ae87fe5{\nborder-radius:0px 0px 0px 0px;\npadding:0px 0px 0px 0px;\n}\n<\/style>\n<div  class='flex_column av-4aqmzq-41f2ca688ea017cfe4a6f32d8ae87fe5 av_one_full  avia-builder-el-15  el_after_av_section  avia-builder-el-no-sibling  first flex_column_div av-zero-column-padding  '     ><p>\n<style type=\"text\/css\" data-created_by=\"avia_inline_auto\" id=\"style-css-av-kl14mwzr-9f215e53ec2826720349e48ecf916662\">\n#top .av-special-heading.av-kl14mwzr-9f215e53ec2826720349e48ecf916662{\npadding-bottom:10px;\ncolor:#0a0a0a;\n}\nbody .av-special-heading.av-kl14mwzr-9f215e53ec2826720349e48ecf916662 .av-special-heading-tag .heading-char{\nfont-size:25px;\n}\n.av-special-heading.av-kl14mwzr-9f215e53ec2826720349e48ecf916662 .special-heading-inner-border{\nborder-color:#0a0a0a;\n}\n.av-special-heading.av-kl14mwzr-9f215e53ec2826720349e48ecf916662 .av-subheading{\nfont-size:15px;\n}\n<\/style>\n<div  class='av-special-heading av-kl14mwzr-9f215e53ec2826720349e48ecf916662 av-special-heading-h2 custom-color-heading blockquote modern-quote modern-centered  avia-builder-el-16  el_before_av_social_share  avia-builder-el-first '><h2 class='av-special-heading-tag'  itemprop=\"headline\"  >PARTAGER SUR LES RESEAUX SOCIAUX <\/h2><div class=\"special-heading-border\"><div class=\"special-heading-inner-border\"><\/div><\/div><\/div><br \/>\n<div  class='av-social-sharing-box av-k9a4c629-58357581aa3cf76c64c624aca89fb7ea av-social-sharing-box-default  avia-builder-el-17  el_after_av_heading  avia-builder-el-last  av-social-sharing-box-fullwidth'><div class=\"av-share-box\"><ul class=\"av-share-box-list noLightbox\"><li class='av-share-link av-social-link-facebook' ><a target=\"_blank\" aria-label=\"Partager sur Facebook\" href='https:\/\/www.facebook.com\/sharer.php?u=https:\/\/www.arianegrayhubert.com\/fr\/contact\/&#038;t=CONTACT' aria-hidden='false' data-av_icon='\ue8f3' data-av_iconfont='entypo-fontello' title='' data-avia-related-tooltip='Partager sur Facebook' rel=\"noopener\"><span class='avia_hidden_link_text'>Partager sur Facebook<\/span><\/a><\/li><li class='av-share-link av-social-link-twitter' ><a target=\"_blank\" aria-label=\"Partager sur Twitter\" href='https:\/\/twitter.com\/share?text=CONTACT&#038;url=https:\/\/www.arianegrayhubert.com\/fr\/?p=6800' aria-hidden='false' data-av_icon='\ue8f1' data-av_iconfont='entypo-fontello' title='' data-avia-related-tooltip='Partager sur Twitter' rel=\"noopener\"><span class='avia_hidden_link_text'>Partager sur Twitter<\/span><\/a><\/li><li class='av-share-link av-social-link-whatsapp' ><a target=\"_blank\" aria-label=\"Partager sur WhatsApp\" href='https:\/\/api.whatsapp.com\/send?text=https:\/\/www.arianegrayhubert.com\/fr\/contact\/' aria-hidden='false' data-av_icon='\uf232' data-av_iconfont='entypo-fontello' title='' data-avia-related-tooltip='Partager sur WhatsApp' rel=\"noopener\"><span class='avia_hidden_link_text'>Partager sur WhatsApp<\/span><\/a><\/li><li class='av-share-link av-social-link-pinterest' ><a target=\"_blank\" aria-label=\"Partager sur Pinterest\" href='https:\/\/pinterest.com\/pin\/create\/button\/?url=https%3A%2F%2Fwww.arianegrayhubert.com%2Ffr%2Fcontact%2F&#038;description=CONTACT&#038;media=' aria-hidden='false' data-av_icon='\ue8f8' data-av_iconfont='entypo-fontello' title='' data-avia-related-tooltip='Partager sur Pinterest' rel=\"noopener\"><span class='avia_hidden_link_text'>Partager sur Pinterest<\/span><\/a><\/li><li class='av-share-link av-social-link-linkedin' ><a target=\"_blank\" aria-label=\"Partager sur LinkedIn\" href='https:\/\/linkedin.com\/shareArticle?mini=true&#038;title=CONTACT&#038;url=https:\/\/www.arianegrayhubert.com\/fr\/contact\/' aria-hidden='false' data-av_icon='\ue8fc' data-av_iconfont='entypo-fontello' title='' data-avia-related-tooltip='Partager sur LinkedIn' rel=\"noopener\"><span class='avia_hidden_link_text'>Partager sur LinkedIn<\/span><\/a><\/li><li class='av-share-link av-social-link-mail' ><a  aria-label=\"Partager par Mail\" href='mailto:?subject=CONTACT&#038;body=https:\/\/www.arianegrayhubert.com\/fr\/contact\/' aria-hidden='false' data-av_icon='\ue805' data-av_iconfont='entypo-fontello' title='' data-avia-related-tooltip='Partager par Mail'><span class='avia_hidden_link_text'>Partager par Mail<\/span><\/a><\/li><\/ul><\/div><\/div><\/p><\/div><\/p>\n","protected":false},"excerpt":{"rendered":"","protected":false},"author":1,"featured_media":0,"parent":0,"menu_order":0,"comment_status":"closed","ping_status":"closed","template":"","meta":{"footnotes":""},"class_list":["post-6800","page","type-page","status-publish","hentry"],"yoast_head":"<!-- This site is optimized with the Yoast SEO plugin v27.4 - https:\/\/yoast.com\/product\/yoast-seo-wordpress\/ -->\n<title>CONTACT - ARIANE GRAY HUBERT<\/title>\n<meta name=\"robots\" content=\"index, follow, max-snippet:-1, max-image-preview:large, max-video-preview:-1\" \/>\n<link rel=\"canonical\" href=\"https:\/\/www.arianegrayhubert.com\/fr\/contact\/\" \/>\n<meta property=\"og:locale\" content=\"fr_FR\" \/>\n<meta property=\"og:type\" content=\"article\" \/>\n<meta property=\"og:title\" content=\"CONTACT - ARIANE GRAY HUBERT\" \/>\n<meta property=\"og:url\" content=\"https:\/\/www.arianegrayhubert.com\/fr\/contact\/\" \/>\n<meta property=\"og:site_name\" content=\"ARIANE GRAY HUBERT\" \/>\n<meta property=\"article:publisher\" content=\"https:\/\/www.facebook.com\/ariane.grayhubert.7\/?viewas=100000686899395\" \/>\n<meta property=\"article:modified_time\" content=\"2024-05-23T10:03:09+00:00\" \/>\n<meta property=\"og:image\" content=\"https:\/\/www.arianegrayhubert.com\/wp-content\/uploads\/2020\/12\/Ariane-Gray-Hubert-Press-HD-4.jpg\" \/>\n\t<meta property=\"og:image:width\" content=\"1500\" \/>\n\t<meta property=\"og:image:height\" content=\"1000\" \/>\n\t<meta property=\"og:image:type\" content=\"image\/jpeg\" \/>\n<meta name=\"twitter:card\" content=\"summary_large_image\" \/>\n<meta name=\"twitter:site\" content=\"@ArianeArts\" \/>\n<meta name=\"twitter:label1\" content=\"Dur\u00e9e de lecture estim\u00e9e\" \/>\n\t<meta name=\"twitter:data1\" content=\"1 minute\" \/>\n<script type=\"application\/ld+json\" class=\"yoast-schema-graph\">{\"@context\":\"https:\\\/\\\/schema.org\",\"@graph\":[{\"@type\":\"WebPage\",\"@id\":\"https:\\\/\\\/www.arianegrayhubert.com\\\/fr\\\/contact\\\/\",\"url\":\"https:\\\/\\\/www.arianegrayhubert.com\\\/fr\\\/contact\\\/\",\"name\":\"CONTACT - ARIANE GRAY HUBERT\",\"isPartOf\":{\"@id\":\"https:\\\/\\\/www.arianegrayhubert.com\\\/fr\\\/#website\"},\"datePublished\":\"2021-02-19T16:01:28+00:00\",\"dateModified\":\"2024-05-23T10:03:09+00:00\",\"breadcrumb\":{\"@id\":\"https:\\\/\\\/www.arianegrayhubert.com\\\/fr\\\/contact\\\/#breadcrumb\"},\"inLanguage\":\"fr-FR\",\"potentialAction\":[{\"@type\":\"ReadAction\",\"target\":[\"https:\\\/\\\/www.arianegrayhubert.com\\\/fr\\\/contact\\\/\"]}]},{\"@type\":\"BreadcrumbList\",\"@id\":\"https:\\\/\\\/www.arianegrayhubert.com\\\/fr\\\/contact\\\/#breadcrumb\",\"itemListElement\":[{\"@type\":\"ListItem\",\"position\":1,\"name\":\"Accueil\",\"item\":\"https:\\\/\\\/www.arianegrayhubert.com\\\/fr\\\/\"},{\"@type\":\"ListItem\",\"position\":2,\"name\":\"CONTACT\"}]},{\"@type\":\"WebSite\",\"@id\":\"https:\\\/\\\/www.arianegrayhubert.com\\\/fr\\\/#website\",\"url\":\"https:\\\/\\\/www.arianegrayhubert.com\\\/fr\\\/\",\"name\":\"ARIANE GRAY HUBERT\",\"description\":\"Chanteuse\",\"publisher\":{\"@id\":\"https:\\\/\\\/www.arianegrayhubert.com\\\/fr\\\/#organization\"},\"potentialAction\":[{\"@type\":\"SearchAction\",\"target\":{\"@type\":\"EntryPoint\",\"urlTemplate\":\"https:\\\/\\\/www.arianegrayhubert.com\\\/fr\\\/?s={search_term_string}\"},\"query-input\":{\"@type\":\"PropertyValueSpecification\",\"valueRequired\":true,\"valueName\":\"search_term_string\"}}],\"inLanguage\":\"fr-FR\"},{\"@type\":\"Organization\",\"@id\":\"https:\\\/\\\/www.arianegrayhubert.com\\\/fr\\\/#organization\",\"name\":\"Ariane Gray Hubert\",\"url\":\"https:\\\/\\\/www.arianegrayhubert.com\\\/fr\\\/\",\"logo\":{\"@type\":\"ImageObject\",\"inLanguage\":\"fr-FR\",\"@id\":\"https:\\\/\\\/www.arianegrayhubert.com\\\/fr\\\/#\\\/schema\\\/logo\\\/image\\\/\",\"url\":\"https:\\\/\\\/www.arianegrayhubert.com\\\/wp-content\\\/uploads\\\/2020\\\/06\\\/logotransparent-bleu.jpg\",\"contentUrl\":\"https:\\\/\\\/www.arianegrayhubert.com\\\/wp-content\\\/uploads\\\/2020\\\/06\\\/logotransparent-bleu.jpg\",\"width\":900,\"height\":201,\"caption\":\"Ariane Gray Hubert\"},\"image\":{\"@id\":\"https:\\\/\\\/www.arianegrayhubert.com\\\/fr\\\/#\\\/schema\\\/logo\\\/image\\\/\"},\"sameAs\":[\"https:\\\/\\\/www.facebook.com\\\/ariane.grayhubert.7\\\/?viewas=100000686899395\",\"https:\\\/\\\/x.com\\\/ArianeArts\"]}]}<\/script>\n<!-- \/ Yoast SEO plugin. -->","yoast_head_json":{"title":"CONTACT - ARIANE GRAY HUBERT","robots":{"index":"index","follow":"follow","max-snippet":"max-snippet:-1","max-image-preview":"max-image-preview:large","max-video-preview":"max-video-preview:-1"},"canonical":"https:\/\/www.arianegrayhubert.com\/fr\/contact\/","og_locale":"fr_FR","og_type":"article","og_title":"CONTACT - ARIANE GRAY HUBERT","og_url":"https:\/\/www.arianegrayhubert.com\/fr\/contact\/","og_site_name":"ARIANE GRAY HUBERT","article_publisher":"https:\/\/www.facebook.com\/ariane.grayhubert.7\/?viewas=100000686899395","article_modified_time":"2024-05-23T10:03:09+00:00","og_image":[{"width":1500,"height":1000,"url":"https:\/\/www.arianegrayhubert.com\/wp-content\/uploads\/2020\/12\/Ariane-Gray-Hubert-Press-HD-4.jpg","type":"image\/jpeg"}],"twitter_card":"summary_large_image","twitter_site":"@ArianeArts","twitter_misc":{"Dur\u00e9e de lecture estim\u00e9e":"1 minute"},"schema":{"@context":"https:\/\/schema.org","@graph":[{"@type":"WebPage","@id":"https:\/\/www.arianegrayhubert.com\/fr\/contact\/","url":"https:\/\/www.arianegrayhubert.com\/fr\/contact\/","name":"CONTACT - ARIANE GRAY HUBERT","isPartOf":{"@id":"https:\/\/www.arianegrayhubert.com\/fr\/#website"},"datePublished":"2021-02-19T16:01:28+00:00","dateModified":"2024-05-23T10:03:09+00:00","breadcrumb":{"@id":"https:\/\/www.arianegrayhubert.com\/fr\/contact\/#breadcrumb"},"inLanguage":"fr-FR","potentialAction":[{"@type":"ReadAction","target":["https:\/\/www.arianegrayhubert.com\/fr\/contact\/"]}]},{"@type":"BreadcrumbList","@id":"https:\/\/www.arianegrayhubert.com\/fr\/contact\/#breadcrumb","itemListElement":[{"@type":"ListItem","position":1,"name":"Accueil","item":"https:\/\/www.arianegrayhubert.com\/fr\/"},{"@type":"ListItem","position":2,"name":"CONTACT"}]},{"@type":"WebSite","@id":"https:\/\/www.arianegrayhubert.com\/fr\/#website","url":"https:\/\/www.arianegrayhubert.com\/fr\/","name":"ARIANE GRAY HUBERT","description":"Chanteuse","publisher":{"@id":"https:\/\/www.arianegrayhubert.com\/fr\/#organization"},"potentialAction":[{"@type":"SearchAction","target":{"@type":"EntryPoint","urlTemplate":"https:\/\/www.arianegrayhubert.com\/fr\/?s={search_term_string}"},"query-input":{"@type":"PropertyValueSpecification","valueRequired":true,"valueName":"search_term_string"}}],"inLanguage":"fr-FR"},{"@type":"Organization","@id":"https:\/\/www.arianegrayhubert.com\/fr\/#organization","name":"Ariane Gray Hubert","url":"https:\/\/www.arianegrayhubert.com\/fr\/","logo":{"@type":"ImageObject","inLanguage":"fr-FR","@id":"https:\/\/www.arianegrayhubert.com\/fr\/#\/schema\/logo\/image\/","url":"https:\/\/www.arianegrayhubert.com\/wp-content\/uploads\/2020\/06\/logotransparent-bleu.jpg","contentUrl":"https:\/\/www.arianegrayhubert.com\/wp-content\/uploads\/2020\/06\/logotransparent-bleu.jpg","width":900,"height":201,"caption":"Ariane Gray Hubert"},"image":{"@id":"https:\/\/www.arianegrayhubert.com\/fr\/#\/schema\/logo\/image\/"},"sameAs":["https:\/\/www.facebook.com\/ariane.grayhubert.7\/?viewas=100000686899395","https:\/\/x.com\/ArianeArts"]}]}},"_links":{"self":[{"href":"https:\/\/www.arianegrayhubert.com\/fr\/wp-json\/wp\/v2\/pages\/6800","targetHints":{"allow":["GET"]}}],"collection":[{"href":"https:\/\/www.arianegrayhubert.com\/fr\/wp-json\/wp\/v2\/pages"}],"about":[{"href":"https:\/\/www.arianegrayhubert.com\/fr\/wp-json\/wp\/v2\/types\/page"}],"author":[{"embeddable":true,"href":"https:\/\/www.arianegrayhubert.com\/fr\/wp-json\/wp\/v2\/users\/1"}],"replies":[{"embeddable":true,"href":"https:\/\/www.arianegrayhubert.com\/fr\/wp-json\/wp\/v2\/comments?post=6800"}],"version-history":[{"count":9,"href":"https:\/\/www.arianegrayhubert.com\/fr\/wp-json\/wp\/v2\/pages\/6800\/revisions"}],"predecessor-version":[{"id":9010,"href":"https:\/\/www.arianegrayhubert.com\/fr\/wp-json\/wp\/v2\/pages\/6800\/revisions\/9010"}],"wp:attachment":[{"href":"https:\/\/www.arianegrayhubert.com\/fr\/wp-json\/wp\/v2\/media?parent=6800"}],"curies":[{"name":"wp","href":"https:\/\/api.w.org\/{rel}","templated":true}]}}